{"id":707,"date":"2020-01-05T13:26:27","date_gmt":"2020-01-05T13:26:27","guid":{"rendered":"https:\/\/www.xn--brneergoterapien-lxb.dk\/?page_id=707"},"modified":"2023-02-08T07:31:24","modified_gmt":"2023-02-08T07:31:24","slug":"mail","status":"publish","type":"page","link":"https:\/\/www.xn--brneergoterapien-lxb.dk\/index.php\/mail\/","title":{"rendered":"Privatlivspolitik"},"content":{"rendered":"\n<p> <\/p>\n\n\n\n<div class=\"wp-block-group has-background\" style=\"background-color:#ffcc99\"><div class=\"wp-block-group__inner-container is-layout-flow wp-block-group-is-layout-flow\">\n<p style=\"font-size:12px\"><strong>Privatlivspolitik<\/strong>: <\/p>\n\n\n\n<p> <strong>B\u00f8rneergoterapien.dk<\/strong> <strong>Aps<\/strong><\/p>\n\n\n\n<p style=\"font-size:12px\"><strong>Foresp\u00f8rgsel \/kontakt til B\u00f8rneergoterapien.dk via sikkermail bliver slettet efter 1 m\u00e5ned.<\/strong> Du kan derfor frit sp\u00f8rge, uden at oplysningerne gemmes i journal. Skal oplysningerne bruges til forl\u00f8b, g\u00e6lder reglerne om journalf\u00f8ring.<\/p>\n\n\n\n<p style=\"font-size:12px\"><strong>N\u00e5r du kontakter B\u00f8rneergoterapien.dk p\u00e5 sikkermail til forl\u00f8b<\/strong> kan din henvendelse opbevares til journal, medmindre det aftales at anden anamnese beskrives. Din e-mailadresse opbevares, og slettes efter et \u00e5r, medmindre mailadressen er forbundet med journalf\u00f8ring. Du kan til enhver tid kontakte B\u00f8rneergoterapien.dk, hvis du \u00f8nsker den fjernet. E-mailadressen vil kun blive brugt, i den forbindelse du har kontaktet B\u00f8rneergoterapien.dk.<\/p>\n\n\n\n<p style=\"font-size:12px\"><strong>N\u00e5r du tilmelder dig et kursus o.l<\/strong>  opbevarer B\u00f8rneergoterapien.dk dit navn, kontaktoplysninger og fakturaadresse, hvis angivet. Oplysningerne bruges kun i forbindelse med kurset.<strong> <\/strong><\/p>\n\n\n\n<p style=\"font-size:12px\"> <strong>Til unders\u00f8gelser og forl\u00f8b<\/strong> opbevares oplysninger som navn, adresse, telefonnr, emailadresse, barnets CPR nr. og i n\u00f8dvendigt omfang de relevante oplysninger du giver, der skal bruge i forbindelse med ergoterapeutisk unders\u00f8gelse\/vejledning, tr\u00e6ning og eller behandling.  Oplysningerne anvendes udelukkende til barnets forl\u00f8b og slettes efter g\u00e6ldende regler.<\/p>\n\n\n\n<p style=\"font-size:12px\"><strong>Hvilke oplysninger opbevares og hvor l\u00e6nge?<\/strong> Alle oplysninger gemmes sikkert i journalsystem, der f\u00f8lger g\u00e6ldende regler for opbevaring. Vi har databehandleraftaler med vores leverand\u00f8r, s\u00e5 de passer godt p\u00e5 jeres data<\/p>\n\n\n\n<p style=\"font-size:12px\"><strong>Indlejret indhold fra andre websteder<\/strong> Links til andre websteder kan indeholde indlejret indhold, der opf\u00f8rer sig n\u00f8jagtig p\u00e5 samme m\u00e5de som havde du bes\u00f8gt webstedet.<\/p>\n\n\n\n<p style=\"font-size:12px\"><strong>Beskyttelse af personlige oplysninger<\/strong> B\u00f8rneergoterapien.dk \u00f8nsker at behandle alle oplysninger p\u00e5 den bedste og mest sikre m\u00e5de og f\u00f8lger de g\u00e6ldende regler ift lovgivning. <\/p>\n\n\n\n<p style=\"font-size:12px\">Du kan til enhver tid \u00f8nsket at f\u00e5 slettet dine oplysninger, dog med forbehold ift g\u00e6ldende lovgivning indenfor journalopbevaring og regnskab.<\/p>\n<\/div><\/div>\n","protected":false},"excerpt":{"rendered":"<p>Privatlivspolitik: B\u00f8rneergoterapien.dk Aps Foresp\u00f8rgsel \/kontakt til B\u00f8rneergoterapien.dk via sikkermail bliver slettet efter 1 m\u00e5ned. Du kan derfor frit sp\u00f8rge, uden at oplysningerne gemmes i journal. Skal oplysningerne bruges til forl\u00f8b, g\u00e6lder reglerne om journalf\u00f8ring. N\u00e5r du kontakter B\u00f8rneergoterapien.dk p\u00e5 sikkermail til forl\u00f8b kan din henvendelse opbevares til journal, medmindre det aftales at anden anamnese beskrives. Din e-mailadresse opbevares, og slettes efter et \u00e5r, medmindre mailadressen er forbundet med journalf\u00f8ring. Du kan til enhver tid kontakte B\u00f8rneergoterapien.dk, hvis du \u00f8nsker den fjernet. E-mailadressen vil kun blive brugt, i den forbindelse du har kontaktet B\u00f8rneergoterapien.dk. N\u00e5r du tilmelder dig et kursus o.l opbevarer B\u00f8rneergoterapien.dk dit navn, kontaktoplysninger og fakturaadresse, hvis angivet. Oplysningerne bruges kun i forbindelse med kurset. Til unders\u00f8gelser og forl\u00f8b opbevares oplysninger som navn, adresse, telefonnr, emailadresse, barnets CPR nr. og i n\u00f8dvendigt omfang de relevante oplysninger du giver, der skal bruge i forbindelse med ergoterapeutisk unders\u00f8gelse\/vejledning, tr\u00e6ning og eller behandling. Oplysningerne anvendes udelukkende til barnets forl\u00f8b og slettes efter g\u00e6ldende regler. Hvilke oplysninger opbevares og hvor l\u00e6nge? Alle oplysninger gemmes sikkert i journalsystem, der f\u00f8lger g\u00e6ldende regler for opbevaring. Vi har databehandleraftaler med vores leverand\u00f8r, s\u00e5 de passer godt p\u00e5 jeres data Indlejret indhold fra andre websteder Links til andre websteder kan indeholde indlejret indhold, der opf\u00f8rer sig n\u00f8jagtig p\u00e5 samme m\u00e5de som havde du bes\u00f8gt webstedet. Beskyttelse af personlige oplysninger B\u00f8rneergoterapien.dk \u00f8nsker at behandle alle oplysninger p\u00e5 den bedste og mest sikre m\u00e5de og f\u00f8lger de g\u00e6ldende regler ift lovgivning. Du kan til enhver tid \u00f8nsket at f\u00e5 slettet dine oplysninger, dog med forbehold ift g\u00e6ldende lovgivning indenfor journalopbevaring og regnskab.<\/p>\n","protected":false},"author":1,"featured_media":0,"parent":0,"menu_order":0,"comment_status":"closed","ping_status":"closed","template":"","meta":{"_lmt_disableupdate":"","_lmt_disable":"","footnotes":""},"class_list":["post-707","page","type-page","status-publish","hentry"],"_links":{"self":[{"href":"https:\/\/www.xn--brneergoterapien-lxb.dk\/index.php\/wp-json\/wp\/v2\/pages\/707","targetHints":{"allow":["GET"]}}],"collection":[{"href":"https:\/\/www.xn--brneergoterapien-lxb.dk\/index.php\/wp-json\/wp\/v2\/pages"}],"about":[{"href":"https:\/\/www.xn--brneergoterapien-lxb.dk\/index.php\/wp-json\/wp\/v2\/types\/page"}],"author":[{"embeddable":true,"href":"https:\/\/www.xn--brneergoterapien-lxb.dk\/index.php\/wp-json\/wp\/v2\/users\/1"}],"replies":[{"embeddable":true,"href":"https:\/\/www.xn--brneergoterapien-lxb.dk\/index.php\/wp-json\/wp\/v2\/comments?post=707"}],"version-history":[{"count":23,"href":"https:\/\/www.xn--brneergoterapien-lxb.dk\/index.php\/wp-json\/wp\/v2\/pages\/707\/revisions"}],"predecessor-version":[{"id":1441,"href":"https:\/\/www.xn--brneergoterapien-lxb.dk\/index.php\/wp-json\/wp\/v2\/pages\/707\/revisions\/1441"}],"wp:attachment":[{"href":"https:\/\/www.xn--brneergoterapien-lxb.dk\/index.php\/wp-json\/wp\/v2\/media?parent=707"}],"curies":[{"name":"wp","href":"https:\/\/api.w.org\/{rel}","templated":true}]}}