{"id":607,"date":"2020-01-04T11:28:40","date_gmt":"2020-01-04T11:28:40","guid":{"rendered":"https:\/\/www.xn--brneergoterapien-lxb.dk\/?page_id=607"},"modified":"2020-09-08T20:55:33","modified_gmt":"2020-09-08T20:55:33","slug":"naar-sansestimuli-er-svaere-at-skelne","status":"publish","type":"page","link":"https:\/\/www.xn--brneergoterapien-lxb.dk\/index.php\/naar-sansestimuli-er-svaere-at-skelne\/","title":{"rendered":"N\u00e5r sansestimuli er sv\u00e6re at skelne"},"content":{"rendered":"\n<h4 class=\"has-text-color wp-block-heading\" style=\"color:#f5c72b\"><strong> Sensoriske diskriminationsforstyrrelser<\/strong> (SDD)<\/h4>\n\n\n\n<p>Det motoriske system f\u00e5r konstant information fra sanseapparatet. Stimuli fra omgivelserne og bearbejdning af sanseinput er derfor en uadskillelig del af den motoriske udvikling. N\u00e5r b\u00f8rn har sv\u00e6rt ved at diskriminere sanseinput, betyder det, at de har sv\u00e6rt ved at skelne og tolke de stimuli, de f\u00e5r og oms\u00e6tte dem til motorisk handling.<\/p>\n\n\n\n<p>B\u00f8rn, der har sv\u00e6rt ved at skelne stimuli, kan have b\u00e5de finmotoriske og grovmotoriske udfordringer.<\/p>\n\n\n\n<div class=\"wp-block-group\"><div class=\"wp-block-group__inner-container is-layout-flow wp-block-group-is-layout-flow\">\n<p>Eksempler p\u00e5 SSD fra de forskellige <a href=\"https:\/\/www.xn--brneergoterapien-lxb.dk\/index.php\/de-8-sanser\/\">sanser<\/a>:<\/p>\n\n\n\n<ul class=\"wp-block-list\"><li><strong>F\u00f8lesansen<\/strong>: Har sv\u00e6rt ved at m\u00e6rke, om det er en femmer eller en en-krone der er i lommen. Knappe bukserne uden at se, hvad man g\u00f8r. Sv\u00e6rt ved at f\u00e5 et godt greb p\u00e5 blyanten.<\/li><li><strong>Bev\u00e6gelsessansen<\/strong> : St\u00f8der ind i de andre b\u00f8rn. Bruger al for meget eller for lidt kraft, n\u00e5r de leger. Kan godt komme til at tage for h\u00e5rdt fat i et k\u00e6ledyr eller &#8220;tyre en bold&#8221;<\/li><li><strong>Balancesansen<\/strong> &#8220;Falder over stregerne i gymnastiksalen&#8221; pga. nedsat fornemmelse af, hvor man er i rummet. Har sv\u00e6rt ved at m\u00e6rke, om de falder til siden eller bagud. Nogle b\u00f8rn vender ofte p\u00e5 hovedet i m\u00f8blerne.<\/li><li><strong>H\u00f8resansen<\/strong>: Taler meget h\u00f8jt eller meget lavt,  har sv\u00e6rt ved at skelne ord, der ligner hinanden: &#8221; hoppe eller loppe&#8221; og kan virke, som om de ikke helt forst\u00e5r dig eller ignorerer dig.<\/li><li><strong>Synssansen<\/strong>: sv\u00e6rt bl.a. ved at vurdere afstande og m\u00f8nstre &#8211;  B\u00f8ger, som &#8220;Find Holger&#8221; kan v\u00e6re sv\u00e6re. Det kan ogs\u00e5 give store vanskeligheder med at l\u00e6se og skrive.&#8221;ser jeg P eller d?<img fetchpriority=\"high\" decoding=\"async\" width=\"350\" height=\"233\" class=\"wp-image-823\" style=\"width: 350px;\" src=\"https:\/\/www.xn--brneergoterapien-lxb.dk\/wp-content\/uploads\/2020\/01\/DSC_0284-scaled.jpg\" alt=\"\" srcset=\"https:\/\/www.xn--brneergoterapien-lxb.dk\/wp-content\/uploads\/2020\/01\/DSC_0284-scaled.jpg 2560w, https:\/\/www.xn--brneergoterapien-lxb.dk\/wp-content\/uploads\/2020\/01\/DSC_0284-300x199.jpg 300w, https:\/\/www.xn--brneergoterapien-lxb.dk\/wp-content\/uploads\/2020\/01\/DSC_0284-1024x681.jpg 1024w, https:\/\/www.xn--brneergoterapien-lxb.dk\/wp-content\/uploads\/2020\/01\/DSC_0284-768x511.jpg 768w, https:\/\/www.xn--brneergoterapien-lxb.dk\/wp-content\/uploads\/2020\/01\/DSC_0284-1536x1021.jpg 1536w, https:\/\/www.xn--brneergoterapien-lxb.dk\/wp-content\/uploads\/2020\/01\/DSC_0284-2048x1362.jpg 2048w\" sizes=\"(max-width: 350px) 100vw, 350px\" \/><\/li><li><strong>Smag og lugtesansen<\/strong>: Kan ikke genkende velkendte dufte som &#8220;farmors parfume&#8221;. Har sv\u00e6rt ved at skelne mellem lidt s\u00f8dt og meget s\u00f8dt.<\/li><li><strong>Interoceptionen<\/strong>  (der er endnu ikke noget godt dansk navn for den sans): I tvivl om man er sulten eller m\u00e6t, har sv\u00e6rt ved at m\u00e6rke om man skal p\u00e5 toilettet (i tide). Interoceptionen er ogs\u00e5 den sans, der blandt andet registrerer at vi er sp\u00e6ndte eller glade. Det, vi kender som &#8220;har sommerfugle i maven &#8221; eller&#8221; bobler af gl\u00e6de&#8221;. Den registrerer ogs\u00e5 n\u00e5r vi bliver bange. Mange b\u00f8rn har brug for hj\u00e6lp til at s\u00e6tte ord p\u00e5 f\u00f8lelser, for at kunne tolke p\u00e5 kroppens signaler.<\/li><\/ul>\n<\/div><\/div>\n\n\n\n<p class=\"has-text-align-right has-small-font-size\">Kilder: A.J. Ayres, Sanseintegration hos b\u00f8rn|Star Institute<\/p>\n","protected":false},"excerpt":{"rendered":"<p>Sensoriske diskriminationsforstyrrelser (SDD) Det motoriske system f\u00e5r konstant information fra sanseapparatet. Stimuli fra omgivelserne og bearbejdning af sanseinput er derfor en uadskillelig del af den motoriske udvikling. N\u00e5r b\u00f8rn har sv\u00e6rt ved at diskriminere sanseinput, betyder det, at de har sv\u00e6rt ved at skelne og tolke de stimuli, de f\u00e5r og oms\u00e6tte dem til motorisk handling. B\u00f8rn, der har sv\u00e6rt ved at skelne stimuli, kan have b\u00e5de finmotoriske og grovmotoriske udfordringer. Eksempler p\u00e5 SSD fra de forskellige sanser: F\u00f8lesansen: Har sv\u00e6rt ved at m\u00e6rke, om det er en femmer eller en en-krone der er i lommen. Knappe bukserne uden at se, hvad man g\u00f8r. Sv\u00e6rt ved at f\u00e5 et godt greb p\u00e5 blyanten. Bev\u00e6gelsessansen : St\u00f8der ind i de andre b\u00f8rn. Bruger al for meget eller for lidt kraft, n\u00e5r de leger. Kan godt komme til at tage for h\u00e5rdt fat i et k\u00e6ledyr eller &#8220;tyre en bold&#8221; Balancesansen &#8220;Falder over stregerne i gymnastiksalen&#8221; pga. nedsat fornemmelse af, hvor man er i rummet. Har sv\u00e6rt ved at m\u00e6rke, om de falder til siden eller bagud. Nogle b\u00f8rn vender ofte p\u00e5 hovedet i m\u00f8blerne. H\u00f8resansen: Taler meget h\u00f8jt eller meget lavt, har sv\u00e6rt ved at skelne ord, der ligner hinanden: &#8221; hoppe eller loppe&#8221; og kan virke, som om de ikke helt forst\u00e5r dig eller ignorerer dig. Synssansen: sv\u00e6rt bl.a. ved at vurdere afstande og m\u00f8nstre &#8211; B\u00f8ger, som &#8220;Find Holger&#8221; kan v\u00e6re sv\u00e6re. Det kan ogs\u00e5 give store vanskeligheder med at l\u00e6se og skrive.&#8221;ser jeg P eller d? Smag og lugtesansen: Kan ikke genkende velkendte dufte som &#8220;farmors parfume&#8221;. Har sv\u00e6rt ved at skelne mellem lidt s\u00f8dt og meget s\u00f8dt. Interoceptionen (der er endnu ikke noget godt dansk navn for den sans): I tvivl om man er sulten eller m\u00e6t, har sv\u00e6rt ved at m\u00e6rke om man skal p\u00e5 toilettet (i tide). Interoceptionen er ogs\u00e5 den sans, der blandt andet registrerer at vi er sp\u00e6ndte eller glade. Det, vi kender som &#8220;har sommerfugle i maven &#8221; eller&#8221; bobler af gl\u00e6de&#8221;. Den registrerer ogs\u00e5 n\u00e5r vi bliver bange. Mange b\u00f8rn har brug for hj\u00e6lp til at s\u00e6tte ord p\u00e5 f\u00f8lelser, for at kunne tolke p\u00e5 kroppens signaler. Kilder: A.J. Ayres, Sanseintegration hos b\u00f8rn|Star Institute<\/p>\n","protected":false},"author":1,"featured_media":0,"parent":0,"menu_order":0,"comment_status":"closed","ping_status":"closed","template":"","meta":{"_lmt_disableupdate":"","_lmt_disable":"","footnotes":""},"class_list":["post-607","page","type-page","status-publish","hentry"],"_links":{"self":[{"href":"https:\/\/www.xn--brneergoterapien-lxb.dk\/index.php\/wp-json\/wp\/v2\/pages\/607","targetHints":{"allow":["GET"]}}],"collection":[{"href":"https:\/\/www.xn--brneergoterapien-lxb.dk\/index.php\/wp-json\/wp\/v2\/pages"}],"about":[{"href":"https:\/\/www.xn--brneergoterapien-lxb.dk\/index.php\/wp-json\/wp\/v2\/types\/page"}],"author":[{"embeddable":true,"href":"https:\/\/www.xn--brneergoterapien-lxb.dk\/index.php\/wp-json\/wp\/v2\/users\/1"}],"replies":[{"embeddable":true,"href":"https:\/\/www.xn--brneergoterapien-lxb.dk\/index.php\/wp-json\/wp\/v2\/comments?post=607"}],"version-history":[{"count":17,"href":"https:\/\/www.xn--brneergoterapien-lxb.dk\/index.php\/wp-json\/wp\/v2\/pages\/607\/revisions"}],"predecessor-version":[{"id":1233,"href":"https:\/\/www.xn--brneergoterapien-lxb.dk\/index.php\/wp-json\/wp\/v2\/pages\/607\/revisions\/1233"}],"wp:attachment":[{"href":"https:\/\/www.xn--brneergoterapien-lxb.dk\/index.php\/wp-json\/wp\/v2\/media?parent=607"}],"curies":[{"name":"wp","href":"https:\/\/api.w.org\/{rel}","templated":true}]}}