{"id":1507,"date":"2023-05-09T17:51:30","date_gmt":"2023-05-09T17:51:30","guid":{"rendered":"https:\/\/www.xn--brneergoterapien-lxb.dk\/?page_id=1507"},"modified":"2023-12-14T09:13:18","modified_gmt":"2023-12-14T09:13:18","slug":"boern-og-unge-med-helt-saerlige-behov","status":"publish","type":"page","link":"https:\/\/www.xn--brneergoterapien-lxb.dk\/index.php\/boern-og-unge-med-helt-saerlige-behov\/","title":{"rendered":"Hjemmetr\u00e6ning efter Barnets lov \u00a7 85"},"content":{"rendered":"\t\t<div data-elementor-type=\"wp-post\" data-elementor-id=\"1507\" class=\"elementor elementor-1507\">\n\t\t\t\t\t\t<section class=\"elementor-section elementor-top-section elementor-element elementor-element-ceb68d1 elementor-section-boxed elementor-section-height-default elementor-section-height-default\" data-id=\"ceb68d1\" data-element_type=\"section\" data-e-type=\"section\">\n\t\t\t\t\t\t<div class=\"elementor-container elementor-column-gap-default\">\n\t\t\t\t\t<div class=\"elementor-column elementor-col-100 elementor-top-column elementor-element elementor-element-bf02cf3\" data-id=\"bf02cf3\" data-element_type=\"column\" data-e-type=\"column\">\n\t\t\t<div class=\"elementor-widget-wrap elementor-element-populated\">\n\t\t\t\t\t\t<div class=\"elementor-element elementor-element-dfc7b81 elementor-widget elementor-widget-text-editor\" data-id=\"dfc7b81\" data-element_type=\"widget\" data-e-type=\"widget\" data-widget_type=\"text-editor.default\">\n\t\t\t\t<div class=\"elementor-widget-container\">\n\t\t\t\t\t\t\t\t\t<p>Til b\u00f8rn og unge med neuropsykiatriske og neurologiske funktionsneds\u00e6ttelser, der er berettiget til hjemmetr\u00e6ning efter Barnets lov \u00a785, har jeg sammen med b\u00f8rneergoterapeut Nanna Reimick udviklet et nyt B\u00f8rneunivers .<\/p>\t\t\t\t\t\t\t\t<\/div>\n\t\t\t\t<\/div>\n\t\t\t\t\t<\/div>\n\t\t<\/div>\n\t\t\t\t\t<\/div>\n\t\t<\/section>\n\t\t\t\t<section class=\"elementor-section elementor-top-section elementor-element elementor-element-71fe7cb elementor-section-boxed elementor-section-height-default elementor-section-height-default\" data-id=\"71fe7cb\" data-element_type=\"section\" data-e-type=\"section\">\n\t\t\t\t\t\t<div class=\"elementor-container elementor-column-gap-default\">\n\t\t\t\t\t<div class=\"elementor-column elementor-col-100 elementor-top-column elementor-element elementor-element-eabbbf9\" data-id=\"eabbbf9\" data-element_type=\"column\" data-e-type=\"column\">\n\t\t\t<div class=\"elementor-widget-wrap elementor-element-populated\">\n\t\t\t\t\t\t<div class=\"elementor-element elementor-element-f477c7f elementor-widget elementor-widget-image\" data-id=\"f477c7f\" data-element_type=\"widget\" data-e-type=\"widget\" data-widget_type=\"image.default\">\n\t\t\t\t<div class=\"elementor-widget-container\">\n\t\t\t\t\t\t\t\t\t\t\t\t\t\t\t\t<a href=\"http:\/\/b\u00f8rneuniverset.dk\">\n\t\t\t\t\t\t\t<img fetchpriority=\"high\" decoding=\"async\" width=\"960\" height=\"236\" src=\"https:\/\/www.xn--brneergoterapien-lxb.dk\/wp-content\/uploads\/2023\/05\/logo-med-titel-1-1024x252.png\" class=\"attachment-large size-large wp-image-1509\" alt=\"\" srcset=\"https:\/\/www.xn--brneergoterapien-lxb.dk\/wp-content\/uploads\/2023\/05\/logo-med-titel-1-1024x252.png 1024w, https:\/\/www.xn--brneergoterapien-lxb.dk\/wp-content\/uploads\/2023\/05\/logo-med-titel-1-300x74.png 300w, https:\/\/www.xn--brneergoterapien-lxb.dk\/wp-content\/uploads\/2023\/05\/logo-med-titel-1-768x189.png 768w, https:\/\/www.xn--brneergoterapien-lxb.dk\/wp-content\/uploads\/2023\/05\/logo-med-titel-1-1536x379.png 1536w, https:\/\/www.xn--brneergoterapien-lxb.dk\/wp-content\/uploads\/2023\/05\/logo-med-titel-1-1140x281.png 1140w, https:\/\/www.xn--brneergoterapien-lxb.dk\/wp-content\/uploads\/2023\/05\/logo-med-titel-1.png 1801w\" sizes=\"(max-width: 960px) 100vw, 960px\" \/>\t\t\t\t\t\t\t\t<\/a>\n\t\t\t\t\t\t\t\t\t\t\t\t\t\t\t<\/div>\n\t\t\t\t<\/div>\n\t\t\t\t\t<\/div>\n\t\t<\/div>\n\t\t\t\t\t<\/div>\n\t\t<\/section>\n\t\t\t\t<section class=\"elementor-section elementor-top-section elementor-element elementor-element-689e764 elementor-section-boxed elementor-section-height-default elementor-section-height-default\" data-id=\"689e764\" data-element_type=\"section\" data-e-type=\"section\">\n\t\t\t\t\t\t<div class=\"elementor-container elementor-column-gap-default\">\n\t\t\t\t\t<div class=\"elementor-column elementor-col-100 elementor-top-column elementor-element elementor-element-e287856\" data-id=\"e287856\" data-element_type=\"column\" data-e-type=\"column\">\n\t\t\t<div class=\"elementor-widget-wrap elementor-element-populated\">\n\t\t\t\t\t\t<div class=\"elementor-element elementor-element-69212e7 elementor-widget elementor-widget-text-editor\" data-id=\"69212e7\" data-element_type=\"widget\" data-e-type=\"widget\" data-widget_type=\"text-editor.default\">\n\t\t\t\t<div class=\"elementor-widget-container\">\n\t\t\t\t\t\t\t\t\t<p><\/p><p>Det er et hjemmetr\u00e6ningskoncept, hvor vi har specialiseret os inden for hverdagshabilitering. Nanna og jeg kombinerer vores viden og analyserende tilgang med en n\u00e6rv\u00e6rende indsats hos familier, der er bevilget hjemmetr\u00e6ning.<\/p><p> <\/p><p>Vi har udviklet B\u00f8rneuniverset sammen, fordi vi deler samme grundl\u00e6ggende tanker om, hvad der er vigtigt i vores arbejde: Respekt, n\u00e6rv\u00e6r, h\u00f8j faglighed og anerkendelse af familiens betydning for udvikling er n\u00f8gleord for os. Vores grundtanke er, at al trivsel, l\u00e6ring og udvikling sker med udgangspunkt i betydningsfulde relationer og meningsfulde aktiviteter. Vi ser det som en vigtig del af vores arbejde at have en positiv og sjov tilgang til det, vi laver. Sammen \u00f8nsker vi at skabe en unik og skr\u00e6ddersyet indsats for jeres b\u00f8rn.<\/p><p> <\/p><p>Du kan l\u00e6se meget mere om d\u00e9t p\u00e5 <a href=\"http:\/\/B\u00f8rneuniverset.dk\">B\u00f8rneuniversets hjemmeside<\/a>.<\/p><p><\/p>\t\t\t\t\t\t\t\t<\/div>\n\t\t\t\t<\/div>\n\t\t\t\t\t<\/div>\n\t\t<\/div>\n\t\t\t\t\t<\/div>\n\t\t<\/section>\n\t\t\t\t<\/div>\n\t\t","protected":false},"excerpt":{"rendered":"<p>Til b\u00f8rn og unge med neuropsykiatriske og neurologiske funktionsneds\u00e6ttelser, der er berettiget til hjemmetr\u00e6ning efter Barnets lov \u00a785, har jeg sammen med b\u00f8rneergoterapeut Nanna Reimick udviklet et nyt B\u00f8rneunivers . Det er et hjemmetr\u00e6ningskoncept, hvor vi har specialiseret os inden for hverdagshabilitering. Nanna og jeg kombinerer vores viden og analyserende tilgang med en n\u00e6rv\u00e6rende indsats hos familier, der er bevilget hjemmetr\u00e6ning. Vi har udviklet B\u00f8rneuniverset sammen, fordi vi deler samme grundl\u00e6ggende tanker om, hvad der er vigtigt i vores arbejde: Respekt, n\u00e6rv\u00e6r, h\u00f8j faglighed og anerkendelse af familiens betydning for udvikling er n\u00f8gleord for os. Vores grundtanke er, at al trivsel, l\u00e6ring og udvikling sker med udgangspunkt i betydningsfulde relationer og meningsfulde aktiviteter. Vi ser det som en vigtig del af vores arbejde at have en positiv og sjov tilgang til det, vi laver. Sammen \u00f8nsker vi at skabe en unik og skr\u00e6ddersyet indsats for jeres b\u00f8rn. Du kan l\u00e6se meget mere om d\u00e9t p\u00e5 B\u00f8rneuniversets hjemmeside.<\/p>\n","protected":false},"author":1,"featured_media":0,"parent":0,"menu_order":0,"comment_status":"closed","ping_status":"closed","template":"","meta":{"_lmt_disableupdate":"no","_lmt_disable":"","footnotes":""},"class_list":["post-1507","page","type-page","status-publish","hentry"],"_links":{"self":[{"href":"https:\/\/www.xn--brneergoterapien-lxb.dk\/index.php\/wp-json\/wp\/v2\/pages\/1507","targetHints":{"allow":["GET"]}}],"collection":[{"href":"https:\/\/www.xn--brneergoterapien-lxb.dk\/index.php\/wp-json\/wp\/v2\/pages"}],"about":[{"href":"https:\/\/www.xn--brneergoterapien-lxb.dk\/index.php\/wp-json\/wp\/v2\/types\/page"}],"author":[{"embeddable":true,"href":"https:\/\/www.xn--brneergoterapien-lxb.dk\/index.php\/wp-json\/wp\/v2\/users\/1"}],"replies":[{"embeddable":true,"href":"https:\/\/www.xn--brneergoterapien-lxb.dk\/index.php\/wp-json\/wp\/v2\/comments?post=1507"}],"version-history":[{"count":13,"href":"https:\/\/www.xn--brneergoterapien-lxb.dk\/index.php\/wp-json\/wp\/v2\/pages\/1507\/revisions"}],"predecessor-version":[{"id":1528,"href":"https:\/\/www.xn--brneergoterapien-lxb.dk\/index.php\/wp-json\/wp\/v2\/pages\/1507\/revisions\/1528"}],"wp:attachment":[{"href":"https:\/\/www.xn--brneergoterapien-lxb.dk\/index.php\/wp-json\/wp\/v2\/media?parent=1507"}],"curies":[{"name":"wp","href":"https:\/\/api.w.org\/{rel}","templated":true}]}}