{"id":1106,"date":"2020-10-28T20:02:36","date_gmt":"2020-10-28T20:02:36","guid":{"rendered":"https:\/\/www.xn--brneergoterapien-lxb.dk\/?page_id=1106"},"modified":"2023-02-12T20:05:50","modified_gmt":"2023-02-12T20:05:50","slug":"regulerende-aktiviteter-til-nedsmeltinger","status":"publish","type":"page","link":"https:\/\/www.xn--brneergoterapien-lxb.dk\/index.php\/regulerende-aktiviteter-til-nedsmeltinger\/","title":{"rendered":"Regulerende tiltag ved nedsmeltninger."},"content":{"rendered":"\n<p><strong>Nedsmeltninger <\/strong>ses, n\u00e5r barnet bliver s\u00e5 frustreret, ked af det og utr\u00f8stelig at du har sv\u00e6rt ved at hj\u00e6lpe det til ro.<\/p>\n\n\n\n<p><\/p>\n\n\n\n<p>Hos b\u00f8rn med sansebearbejdningsforstyrrelser, kan der ofte ses det, der kaldes &#8220;nedsmeltninger&#8221;. Det ses is\u00e6r, n\u00e5r <a href=\"https:\/\/www.xn--brneergoterapien-lxb.dk\/wp-admin\/post.php?post=601&amp;action=edit\">sansesystemet er overreagerende<\/a>, dvs. hos b\u00f8rn med lav neurologisk t\u00e6rskel for sanseindtryk.<\/p>\n\n\n\n<p>Grunden til b\u00f8rnenen bliver frustreret er, at de ganske enkelt bliver bombarderet med sanseindtryk de ikke selv kan styre og kontrollere. Og nogle gange kan reaktionen v\u00e6re forsinket &#8211; hvor &#8220;det er g\u00e5et fint i b\u00f8rnehaven&#8221;, og n\u00e5r barnet kommer hjem i trygge rammer, kommer reaktionen.<\/p>\n\n\n\n<p>Pr\u00f8v at forestil dig, at v\u00e6re i et bombardement af sansestimuli, du ikke bryder dig om og ikke kan \u00e6ndre. Fx larm n\u00e5r du har brug for ro, dufte der genere, lys der bliver ved med at bl\u00e6nde dig, fornemmelsen af at der kravler noget p\u00e5 dig men du kan ikke fjerne det. Det skaber frustration. Det er en helt reel reaktion dit barn f\u00e5r, og det er vigtigt, at du forst\u00e5r og anerkender. Nogle sammenligner oplevelserne omkring sanseforstyrrelser med en allergisk reaktion. Rigtig ubehageligt.<\/p>\n\n\n\n<p class=\"has-medium-font-size\"><strong>Regulering ved nedsmeltninger:<\/strong><\/p>\n\n\n\n<p><strong>Tal blidt til dit barn<\/strong>, og is\u00e6r n\u00e5r barnet har nedsmeltninger. Dit <em>eneste<\/em> form\u00e5l i denne situation er, at f\u00e5 barnets autonome nervesystem reguleret ned. \u00d8ger du stemmen eller tonen, risikerer du at \u00f8ge barnets <a href=\"https:\/\/www.xn--brneergoterapien-lxb.dk\/index.php\/arousalregulering-hjaelper-barnets-laering-og-adfaerd\/\">arousal<\/a> endnu mere eller forl\u00e6nge perioden med h\u00f8j arousal. I starten af nedsmeltningen er det en god ide at have fokus p\u00e5 god kontakt, blide \u00f8jne og mild stemme. Vis at du forst\u00e5r barnet.<\/p>\n\n\n\n<p>Dern\u00e6st, hvis barnet kan, s\u00e5 l\u00e6r det at <strong>tage en dybe vejrtr\u00e6kninger<\/strong> &#8211; ind gennem n\u00e6sen og puste ud gennem munden. L\u00e6r barnet det inden nedsmeltninger, s\u00e5 barnet ved hvad det betyder. (Der findes gode vejledninger p\u00e5 nettet omkring vejrtr\u00e6knings\u00f8velser til b\u00f8rn). <strong>Tilbyd et glas vand, gerne med suger\u00f8r.<\/strong> Tilbyd ogs\u00e5 gerne <strong>noget fast at tygge i gentagne gange<\/strong> (tyggegummi, gulerod o.l), hvis barnet \u00f8nsker det. Disse gentagelser med kraft kan organisere barnets nervesystem. <\/p>\n\n\n\n<p><strong>S\u00f8rg for at dit barn har et sted, de kan holde en pause <\/strong>efterf\u00f8lgende- uden forstyrrelser fra andre &#8211; ogs\u00e5 dig, hvis de \u00f8nsker det. Der er ofte stor succes ved at etablere en &#8220;hule&#8221; h\u00e6ngek\u00f8je eller pudehj\u00f8rne barnet kan sidde i og f\u00e5 fast ber\u00f8ring fra materialet omkring barnet. Udstyr pausestedet med <strong>rolige belysning<\/strong>, evt. fra en lysk\u00e6de, eller en bamse eller <strong>pude, der kan vibrere<\/strong>, men barnet selv kan slukke for. Hav gerne rolig musik, barnet kan lide &#8211; ofte kan &#8220;hvid st\u00f8j&#8221; v\u00e6re nok. Hvis barnet kan lide at &#8220;dimse&#8221; med ting, kan disse ogs\u00e5 v\u00e6re i &#8220;hulen&#8221;. Det kan v\u00e6re en god ide, at barnet selv har v\u00e6ret med til at indrette hulen, s\u00e5 det er barnets &#8220;dejlige ting&#8221;, der er der. Helst ikke IPad, da uforudsete visuelle indtryk kan stimulere hjernen til \u00f8get arousal. En lydbog er bedre.<\/p>\n\n\n\n<p>Regulering gennem sanseindtryk laver organisering i barnets nervesystem og det i sig selv, kan give ro.<\/p>\n\n\n\n<p class=\"has-text-align-right has-small-font-size\"><em>A. Jean Ayres 2007<\/em><\/p>\n\n\n\n<p>Andre sanseindtryk du kan hj\u00e6lpe barnet med:<\/p>\n\n\n\n<ul class=\"wp-block-list\">\n<li>Rolige omgivelser &#8211; lad barnet tr\u00e6kke sig enten til pausestedet, hvis ikke du kan skabe ro der hvor det er. <\/li>\n\n\n\n<li>Dyb og fast ber\u00f8ring fra h\u00e6ngek\u00f8je, en dyb og bl\u00f8d madras eller tung dyne kan hj\u00e6lpe. For nogle <\/li>\n\n\n\n<li>Line\u00e6re rolige bev\u00e6gelser kan virke beroligende<\/li>\n\n\n\n<li>For nogle b\u00f8rn kan rotationer v\u00e6re gavnlige.<\/li>\n\n\n\n<li>Fred og ro for voksne, der vil &#8220;vide alt muligt&#8221; er en god ide. Derfor er pausestedet barnets. De kommer, n\u00e5r de er klar til at snakke. Vis at du ogs\u00e5 gerne vil v\u00e6re lige ved siden af, uden krav, evt. kan du gynge barnet stille og roligt eller tilbyd at l\u00e6se en historie<\/li>\n<\/ul>\n\n\n\n<p>Og vent med at tale en masse f\u00f8r barnet er reguleret ned og det kan tage lang tid. Selv om der &#8220;er kommet ro p\u00e5&#8221; s\u00e5 giv plads til rolig regulering, gerne 20-30 minutter eller kan barnet godt blive frustreret hurtigt igen.<\/p>\n\n\n\n<figure class=\"wp-block-image size-large\"><img fetchpriority=\"high\" decoding=\"async\" width=\"1024\" height=\"681\" src=\"https:\/\/www.xn--brneergoterapien-lxb.dk\/wp-content\/uploads\/2020\/10\/DSC_0240-1024x681.jpg\" alt=\"\" class=\"wp-image-1276\" srcset=\"https:\/\/www.xn--brneergoterapien-lxb.dk\/wp-content\/uploads\/2020\/10\/DSC_0240-1024x681.jpg 1024w, https:\/\/www.xn--brneergoterapien-lxb.dk\/wp-content\/uploads\/2020\/10\/DSC_0240-300x199.jpg 300w, https:\/\/www.xn--brneergoterapien-lxb.dk\/wp-content\/uploads\/2020\/10\/DSC_0240-768x511.jpg 768w, https:\/\/www.xn--brneergoterapien-lxb.dk\/wp-content\/uploads\/2020\/10\/DSC_0240-1536x1021.jpg 1536w, https:\/\/www.xn--brneergoterapien-lxb.dk\/wp-content\/uploads\/2020\/10\/DSC_0240-2048x1362.jpg 2048w, https:\/\/www.xn--brneergoterapien-lxb.dk\/wp-content\/uploads\/2020\/10\/DSC_0240-1140x758.jpg 1140w\" sizes=\"(max-width: 1024px) 100vw, 1024px\" \/><\/figure>\n\n\n\n<p>Barnet kan have gl\u00e6de af at vide, at det er &#8220;kroppen, der frustrerer&#8221;, ikke dem selv og have konkrete redskaber til at f\u00e5 styr p\u00e5 uroen og hj\u00e6lpe kroppen. St\u00f8rre b\u00f8rn, kan have gl\u00e6de af at l\u00e6re, hvordan de regulerer sig selv.<\/p>\n\n\n\n<p><strong>Ideer, det st\u00f8rre barn kan l\u00e6re at bruge<\/strong><\/p>\n\n\n\n<ul class=\"wp-block-list\">\n<li>T\u00e6lle til ti, \u00e5r de m\u00e6rker frustrationen. Nogle gange mere eller bagl\u00e6ns.<\/li>\n\n\n\n<li>Put h\u00e6nderne i lommen og tryk til &#8211; s\u00e5 de m\u00e6rker dyb og fast ber\u00f8ring, eller lav knytn\u00e6ver med h\u00e6nderne og slip &#8211; gentagne gange<\/li>\n\n\n\n<li>Lav en kropsscanning &#8211; s\u00e6t fokus over p\u00e5 kroppen i stedet for problemet. &#8220;Jeg kan m\u00e6rke mine f\u00f8dder, min ankler, mine ben osv. &#8211; langsomt og m\u00e6rk efter<\/li>\n\n\n\n<li>Sp\u00f8rg efter et kram, gerne fra en voksen. Gode dybe og faste ber\u00f8ringer d\u00e6mper hvor imod lette str\u00f8g kan \u00f8ge arousal<\/li>\n<\/ul>\n\n\n\n<p>Er det meget sv\u00e6rt, s\u00e5 kan du k\u00f8be bogen: &#8220;Du skal huske at fodre din s\u00f8hest&#8221; &#8211; den giver en god forklaring, p\u00e5 b\u00f8rne niveau, og giver flere ideer til hvad man kan g\u00f8re.<\/p>\n\n\n\n<p><strong>MEN VIGTIGST<\/strong>: Find ud af hvorfor dit barn har nedsmeltninger og s\u00f8g hj\u00e6lp, hvis det forstyrrer dit barns udvikling.<\/p>\n","protected":false},"excerpt":{"rendered":"<p>Nedsmeltninger ses, n\u00e5r barnet bliver s\u00e5 frustreret, ked af det og utr\u00f8stelig at du har sv\u00e6rt ved at hj\u00e6lpe det til ro. Hos b\u00f8rn med sansebearbejdningsforstyrrelser, kan der ofte ses det, der kaldes &#8220;nedsmeltninger&#8221;. Det ses is\u00e6r, n\u00e5r sansesystemet er overreagerende, dvs. hos b\u00f8rn med lav neurologisk t\u00e6rskel for sanseindtryk. Grunden til b\u00f8rnenen bliver frustreret er, at de ganske enkelt bliver bombarderet med sanseindtryk de ikke selv kan styre og kontrollere. Og nogle gange kan reaktionen v\u00e6re forsinket &#8211; hvor &#8220;det er g\u00e5et fint i b\u00f8rnehaven&#8221;, og n\u00e5r barnet kommer hjem i trygge rammer, kommer reaktionen. Pr\u00f8v at forestil dig, at v\u00e6re i et bombardement af sansestimuli, du ikke bryder dig om og ikke kan \u00e6ndre. Fx larm n\u00e5r du har brug for ro, dufte der genere, lys der bliver ved med at bl\u00e6nde dig, fornemmelsen af at der kravler noget p\u00e5 dig men du kan ikke fjerne det. Det skaber frustration. Det er en helt reel reaktion dit barn f\u00e5r, og det er vigtigt, at du forst\u00e5r og anerkender. Nogle sammenligner oplevelserne omkring sanseforstyrrelser med en allergisk reaktion. Rigtig ubehageligt. Regulering ved nedsmeltninger: Tal blidt til dit barn, og is\u00e6r n\u00e5r barnet har nedsmeltninger. Dit eneste form\u00e5l i denne situation er, at f\u00e5 barnets autonome nervesystem reguleret ned. \u00d8ger du stemmen eller tonen, risikerer du at \u00f8ge barnets arousal endnu mere eller forl\u00e6nge perioden med h\u00f8j arousal. I starten af nedsmeltningen er det en god ide at have fokus p\u00e5 god kontakt, blide \u00f8jne og mild stemme. Vis at du forst\u00e5r barnet. Dern\u00e6st, hvis barnet kan, s\u00e5 l\u00e6r det at tage en dybe vejrtr\u00e6kninger &#8211; ind gennem n\u00e6sen og puste ud gennem munden. L\u00e6r barnet det inden nedsmeltninger, s\u00e5 barnet ved hvad det betyder. (Der findes gode vejledninger p\u00e5 nettet omkring vejrtr\u00e6knings\u00f8velser til b\u00f8rn). Tilbyd et glas vand, gerne med suger\u00f8r. Tilbyd ogs\u00e5 gerne noget fast at tygge i gentagne gange (tyggegummi, gulerod o.l), hvis barnet \u00f8nsker det. Disse gentagelser med kraft kan organisere barnets nervesystem. S\u00f8rg for at dit barn har et sted, de kan holde en pause efterf\u00f8lgende- uden forstyrrelser fra andre &#8211; ogs\u00e5 dig, hvis de \u00f8nsker det. Der er ofte stor succes ved at etablere en &#8220;hule&#8221; h\u00e6ngek\u00f8je eller pudehj\u00f8rne barnet kan sidde i og f\u00e5 fast ber\u00f8ring fra materialet omkring barnet. Udstyr pausestedet med rolige belysning, evt. fra en lysk\u00e6de, eller en bamse eller pude, der kan vibrere, men barnet selv kan slukke for. Hav gerne rolig musik, barnet kan lide &#8211; ofte kan &#8220;hvid st\u00f8j&#8221; v\u00e6re nok. Hvis barnet kan lide at &#8220;dimse&#8221; med ting, kan disse ogs\u00e5 v\u00e6re i &#8220;hulen&#8221;. Det kan v\u00e6re en god ide, at barnet selv har v\u00e6ret med til at indrette hulen, s\u00e5 det er barnets &#8220;dejlige ting&#8221;, der er der. Helst ikke IPad, da uforudsete visuelle indtryk kan stimulere hjernen til \u00f8get arousal. En lydbog er bedre. Regulering gennem sanseindtryk laver organisering i barnets nervesystem og det i sig selv, kan give ro. A. Jean Ayres 2007 Andre sanseindtryk du kan hj\u00e6lpe barnet med: Og vent med at tale en masse f\u00f8r barnet er reguleret ned og det kan tage lang tid. Selv om der &#8220;er kommet ro p\u00e5&#8221; s\u00e5 giv plads til rolig regulering, gerne 20-30 minutter eller kan barnet godt blive frustreret hurtigt igen. Barnet kan have gl\u00e6de af at vide, at det er &#8220;kroppen, der frustrerer&#8221;, ikke dem selv og have konkrete redskaber til at f\u00e5 styr p\u00e5 uroen og hj\u00e6lpe kroppen. St\u00f8rre b\u00f8rn, kan have gl\u00e6de af at l\u00e6re, hvordan de regulerer sig selv. Ideer, det st\u00f8rre barn kan l\u00e6re at bruge Er det meget sv\u00e6rt, s\u00e5 kan du k\u00f8be bogen: &#8220;Du skal huske at fodre din s\u00f8hest&#8221; &#8211; den giver en god forklaring, p\u00e5 b\u00f8rne niveau, og giver flere ideer til hvad man kan g\u00f8re. MEN VIGTIGST: Find ud af hvorfor dit barn har nedsmeltninger og s\u00f8g hj\u00e6lp, hvis det forstyrrer dit barns udvikling.<\/p>\n","protected":false},"author":1,"featured_media":0,"parent":0,"menu_order":0,"comment_status":"closed","ping_status":"closed","template":"","meta":{"_lmt_disableupdate":"","_lmt_disable":"","footnotes":""},"class_list":["post-1106","page","type-page","status-publish","hentry"],"_links":{"self":[{"href":"https:\/\/www.xn--brneergoterapien-lxb.dk\/index.php\/wp-json\/wp\/v2\/pages\/1106","targetHints":{"allow":["GET"]}}],"collection":[{"href":"https:\/\/www.xn--brneergoterapien-lxb.dk\/index.php\/wp-json\/wp\/v2\/pages"}],"about":[{"href":"https:\/\/www.xn--brneergoterapien-lxb.dk\/index.php\/wp-json\/wp\/v2\/types\/page"}],"author":[{"embeddable":true,"href":"https:\/\/www.xn--brneergoterapien-lxb.dk\/index.php\/wp-json\/wp\/v2\/users\/1"}],"replies":[{"embeddable":true,"href":"https:\/\/www.xn--brneergoterapien-lxb.dk\/index.php\/wp-json\/wp\/v2\/comments?post=1106"}],"version-history":[{"count":36,"href":"https:\/\/www.xn--brneergoterapien-lxb.dk\/index.php\/wp-json\/wp\/v2\/pages\/1106\/revisions"}],"predecessor-version":[{"id":1474,"href":"https:\/\/www.xn--brneergoterapien-lxb.dk\/index.php\/wp-json\/wp\/v2\/pages\/1106\/revisions\/1474"}],"wp:attachment":[{"href":"https:\/\/www.xn--brneergoterapien-lxb.dk\/index.php\/wp-json\/wp\/v2\/media?parent=1106"}],"curies":[{"name":"wp","href":"https:\/\/api.w.org\/{rel}","templated":true}]}}